{"id":17149,"date":"2020-03-02T23:33:27","date_gmt":"2020-03-02T23:33:27","guid":{"rendered":"https:\/\/demo17.houzez.co\/?page_id=17149"},"modified":"2025-07-28T21:57:06","modified_gmt":"2025-07-29T01:57:06","slug":"inquiry-form","status":"publish","type":"page","link":"https:\/\/globoplus.com\/py\/inquiry-form\/","title":{"rendered":"Formulario personalizado"},"content":{"rendered":"\t\t<div data-elementor-type=\"wp-page\" data-elementor-id=\"17149\" class=\"elementor elementor-17149\" data-elementor-post-type=\"page\">\n\t\t\t\t\t\t<section class=\"elementor-section elementor-top-section elementor-element elementor-element-5ec2734 elementor-section-boxed elementor-section-height-default elementor-section-height-default\" data-id=\"5ec2734\" data-element_type=\"section\" data-e-type=\"section\">\n\t\t\t\t\t\t<div class=\"elementor-container elementor-column-gap-default\">\n\t\t\t\t\t<div class=\"elementor-column elementor-col-100 elementor-top-column elementor-element elementor-element-e1bd41f\" data-id=\"e1bd41f\" data-element_type=\"column\" data-e-type=\"column\">\n\t\t\t<div class=\"elementor-widget-wrap elementor-element-populated\">\n\t\t\t\t\t\t<div class=\"elementor-element elementor-element-49cbafe elementor-widget elementor-widget-houzez_elementor_space\" data-id=\"49cbafe\" data-element_type=\"widget\" data-e-type=\"widget\" data-widget_type=\"houzez_elementor_space.default\">\n\t\t\t\t<div class=\"elementor-widget-container\">\n\t\t\t\t\t        <div class=\"houzez-spacer\">\n            <div class=\"houzez-spacer-inner\"><\/div>\n        <\/div>\n        \t\t\t\t<\/div>\n\t\t\t\t<\/div>\n\t\t\t\t<section class=\"elementor-section elementor-inner-section elementor-element elementor-element-6efd58c animated-slow elementor-section-boxed elementor-section-height-default elementor-section-height-default elementor-invisible\" data-id=\"6efd58c\" data-element_type=\"section\" data-e-type=\"section\" data-settings=\"{&quot;background_background&quot;:&quot;classic&quot;,&quot;animation&quot;:&quot;fadeIn&quot;}\">\n\t\t\t\t\t\t<div class=\"elementor-container elementor-column-gap-no\">\n\t\t\t\t\t<div class=\"elementor-column elementor-col-100 elementor-inner-column elementor-element elementor-element-856004d\" data-id=\"856004d\" data-element_type=\"column\" data-e-type=\"column\">\n\t\t\t<div class=\"elementor-widget-wrap elementor-element-populated\">\n\t\t\t\t\t\t<div class=\"elementor-element elementor-element-8ff1404 elementor-widget elementor-widget-text-editor\" data-id=\"8ff1404\" data-element_type=\"widget\" data-e-type=\"widget\" data-widget_type=\"text-editor.default\">\n\t\t\t\t<div class=\"elementor-widget-container\">\n\t\t\t\t\t\t\t\t\t<h3>Formulario de Solicitud de Propiedad Personalizada<\/h3><p>Le invitamos a completar este formulario para hacernos llegar su solicitud, incluyendo el tipo de propiedad, sector o zona donde desea invertir.\u00a0<\/p><p>Globoplus se encargar\u00e1 de buscar propiedades que se ajusten a sus necesidades.<\/p>\t\t\t\t\t\t\t\t<\/div>\n\t\t\t\t<\/div>\n\t\t\t\t<div class=\"elementor-element elementor-element-42f882c elementor-button-align-stretch elementor-widget elementor-widget-houzez_elementor_inquiry_form\" data-id=\"42f882c\" data-element_type=\"widget\" data-e-type=\"widget\" data-widget_type=\"houzez_elementor_inquiry_form.default\">\n\t\t\t\t<div class=\"elementor-widget-container\">\n\t\t\t\t\t\n        <script type=\"application\/javascript\">\n            jQuery(document).bind(\"ready\", function () {\n                houzezValidateElementor(\"#houzez-form-42f882c\" );\n            });\n        <\/script>\n\n\n        <form class=\"elementor-form houzez-ele-form-js\" id=\"houzez-form-42f882c\" method=\"post\" name=\"New Form\" action=\"https:\/\/globoplus.com\/py\/wp-admin\/admin-ajax.php\">\n            <input type=\"hidden\" name=\"form_id\" value=\"42f882c\"\/>\n            <input type=\"hidden\" name=\"action\" value=\"houzez_ele_inquiry_form\" \/>\n            <input type=\"hidden\" name=\"source_link\" value=\"https:\/\/globoplus.com\/py\/inquiry-form\/\" \/>\n            <input type=\"hidden\" name=\"lead_page_id\" value=\"17149\" \/>\n            <input type=\"hidden\" name=\"is_estimation\" value=\"yes\" \/>\n            <input type=\"hidden\" name=\"webhook\" value=\"false\" \/>\n            <input type=\"hidden\" name=\"webhook_url\" value=\"\" \/>\n            <input type=\"hidden\" name=\"redirect_to\" value=\"https:\/\/globoplus.com\/py\" \/>\n            <input type=\"hidden\" name=\"google_recaptcha\" value=\"yes\" \/>\n\n            <div class=\"elementor-form-fields-wrapper elementor-labels-above\">\n\n                                    <div class=\"elementor-field-group elementor-column form-group elementor-field-group-ba6c34c elementor-col-100 elementor-field-required elementor-mark-required\">\n                    <label for=\"form-field-ba6c34c\" class=\"elementor-field-label\">Tipo de solicitud<\/label>        <div class=\"elementor-field elementor-select-wrapper\">\n            <select name=\"enquiry_type\" id=\"form-field-ba6c34c\" class=\"elementor-field-textual form-control elementor-size-md\" required=\"required\" title=\"* Tipo de solicitud\">\n                <option value=\"\">Seleccione<\/option><option value=\"Compra\">Compra<\/value><option value=\"Alquiler\"> Alquiler<\/value><option value=\"Venta\"> Venta<\/value><option value=\"Otro\"> Otro<\/value><option value=\"Evaluaci\u00f3n\"> Evaluaci\u00f3n<\/value><option value=\"Hipoteca\"> Hipoteca<\/value>            <\/select>\n        <\/div>\n                            <\/div>\n\n                                        <div class=\"elementor-field-group elementor-column form-group elementor-field-group-b7fe77d elementor-col-100\">\n                    <label for=\"form-field-b7fe77d\" class=\"elementor-field-label\">Informaci\u00f3n<\/label>        <div class=\"elementor-field elementor-select-wrapper\">\n            <select name=\"user_type\" id=\"form-field-b7fe77d\" class=\"elementor-field-textual form-control elementor-size-md\">\n                <option value=\"\">Soy<\/option><option value=\"Agente inmobiliario\">Agente inmobiliario<\/option><option value=\"Inversionista\">Inversionista<\/option>            <\/select>\n        <\/div>\n                            <\/div>\n\n                                        <div class=\"elementor-field-group elementor-column form-group elementor-field-group-cc6b92f elementor-col-50 elementor-field-required elementor-mark-required\">\n                    <input type=\"text\" name=\"first_name\" id=\"form-field-cc6b92f\" class=\"elementor-field form-control elementor-size-md elementor-field-textual\" placeholder=\"Nombre\" title=\"* Nombre\" required=\"required\">                    <\/div>\n\n                                        <div class=\"elementor-field-group elementor-column form-group elementor-field-group-3cc124e elementor-col-50\">\n                    <input type=\"text\" name=\"last_name\" id=\"form-field-3cc124e\" class=\"elementor-field form-control elementor-size-md elementor-field-textual\" placeholder=\"Apellido\" title=\"* Apellido\">                    <\/div>\n\n                                        <div class=\"elementor-field-group elementor-column form-group elementor-field-group-932d82c elementor-col-50 elementor-field-required elementor-mark-required\">\n                    <input type=\"email\" name=\"email\" id=\"form-field-932d82c\" class=\"elementor-field form-control elementor-size-md elementor-field-textual\" placeholder=\"Email\" title=\"* Email\" required=\"required\">                    <\/div>\n\n                                        <div class=\"elementor-field-group elementor-column form-group elementor-field-group-304b68f elementor-col-50 elementor-field-required elementor-mark-required\">\n                    <input type=\"text\" name=\"mobile\" id=\"form-field-304b68f\" class=\"elementor-field form-control elementor-size-md elementor-field-textual\" placeholder=\"Tel\u00e9fono\" title=\"* Tel\u00e9fono\" required=\"required\">                    <\/div>\n\n                                        <div class=\"elementor-field-group elementor-column form-group elementor-field-group-bf1d035 elementor-col-50 elementor-field-required elementor-mark-required\">\n                    <label for=\"form-field-bf1d035\" class=\"elementor-field-label\">Ubicaci\u00f3n<\/label>        <div class=\"elementor-field elementor-select-wrapper\">\n            <select name=\"e_meta[city]\" id=\"form-field-bf1d035\" class=\"elementor-field-textual form-control elementor-size-md\" required=\"required\" title=\"* Ubicaci\u00f3n\">\n                <option value=\"\">Ciudad<\/option><option data-ref=\"aregua\" data-belong=\"\" value=\"aregua\"> Aregu\u00e1<\/option><option data-ref=\"asuncion\" data-belong=\"\" value=\"asuncion\"> Asunci\u00f3n<\/option><option data-ref=\"capiata\" data-belong=\"\" value=\"capiata\"> Capiat\u00e1<\/option><option data-ref=\"ciudad-del-este\" data-belong=\"\" value=\"ciudad-del-este\"> Ciudad de Este<\/option><option data-ref=\"encarnacion\" data-belong=\"\" value=\"encarnacion\"> Encarnaci\u00f3n<\/option><option data-ref=\"fernando-de-la-mora\" data-belong=\"\" value=\"fernando-de-la-mora\"> Fernando de la Mora<\/option><option data-ref=\"lambare\" data-belong=\"\" value=\"lambare\"> Lambar\u00e9<\/option><option data-ref=\"limpio\" data-belong=\"\" value=\"limpio\"> Limpio<\/option><option data-ref=\"los-angeles\" data-belong=\"\" value=\"los-angeles\"> Los Angeles<\/option><option data-ref=\"luque\" data-belong=\"\" value=\"luque\"> Luque<\/option><option data-ref=\"nemby\" data-belong=\"\" value=\"nemby\"> \u00d1emby<\/option><option data-ref=\"perdo-juan-caballero\" data-belong=\"\" value=\"perdo-juan-caballero\"> Pedro Juan Caballero<\/option><option data-ref=\"san-lorenzo\" data-belong=\"\" value=\"san-lorenzo\"> San Lorenzo<\/option>            <\/select>\n        <\/div>\n                            <\/div>\n\n                                        <div class=\"elementor-field-group elementor-column form-group elementor-field-group-d2cd125 elementor-col-50 elementor-field-required elementor-mark-required\">\n                    <label for=\"form-field-d2cd125\" class=\"elementor-field-label\">&nbsp;<\/label>        <div class=\"elementor-field elementor-select-wrapper\">\n            <select name=\"e_meta[area]\" id=\"form-field-d2cd125\" class=\"elementor-field-textual form-control elementor-size-md\" required=\"required\" title=\"* Zona\">\n                <option value=\"\">Zona<\/option><option data-ref=\"aregua\" data-belong=\"aregua\" value=\"aregua\"> Aregu\u00e1<\/option><option data-ref=\"asuncion-capital\" data-belong=\"\" value=\"asuncion-capital\"> Asunci\u00f3n Capital<\/option><option data-ref=\"banado-cara-cara\" data-belong=\"asuncion\" value=\"banado-cara-cara\"> Ba\u00f1ado Car\u00e1 Car\u00e1<\/option><option data-ref=\"banco-san-miguel\" data-belong=\"asuncion\" value=\"banco-san-miguel\"> Banco San Miguel<\/option><option data-ref=\"barrio-hipodromo\" data-belong=\"asuncion\" value=\"barrio-hipodromo\"> Barrio Hip\u00f3dromo<\/option><option data-ref=\"barrio-obrero\" data-belong=\"asuncion\" value=\"barrio-obrero\"> Barrio Obrero<\/option><option data-ref=\"bella-vista\" data-belong=\"asuncion\" value=\"bella-vista\"> Bella Vista<\/option><option data-ref=\"botanico\" data-belong=\"asuncion\" value=\"botanico\"> Bot\u00e1nico<\/option><option data-ref=\"canada-del-ybyray\" data-belong=\"asuncion\" value=\"canada-del-ybyray\"> Ca\u00f1ada del Ybyray<\/option><option data-ref=\"carlos-a-lopez\" data-belong=\"asuncion\" value=\"carlos-a-lopez\"> Carlos A. L\u00f3pez<\/option><option data-ref=\"ciudad-nueva\" data-belong=\"asuncion\" value=\"ciudad-nueva\"> Ciudad Nueva<\/option><option data-ref=\"dr-francia\" data-belong=\"asuncion\" value=\"dr-francia\"> Dr. Francia<\/option><option data-ref=\"estanzuela\" data-belong=\"asuncion\" value=\"estanzuela\"> Estanzuela<\/option><option data-ref=\"general-caballero\" data-belong=\"asuncion\" value=\"general-caballero\"> General Caballero<\/option><option data-ref=\"general-diaz\" data-belong=\"asuncion\" value=\"general-diaz\"> General D\u00edaz<\/option><option data-ref=\"herrera\" data-belong=\"asuncion\" value=\"herrera\"> Herrera<\/option><option data-ref=\"hyde-park\" data-belong=\"\" value=\"hyde-park\"> Hyde Park<\/option><option data-ref=\"ita-enramada\" data-belong=\"asuncion\" value=\"ita-enramada\"> It\u00e1 Enramada<\/option><option data-ref=\"ita-pyta-punta\" data-belong=\"asuncion\" value=\"ita-pyta-punta\"> It\u00e1 Pyt\u00e3 Punta<\/option><option data-ref=\"jara\" data-belong=\"asuncion\" value=\"jara\"> Jara<\/option><option data-ref=\"la-catedral\" data-belong=\"asuncion\" value=\"la-catedral\"> La Catedral<\/option><option data-ref=\"la-encarnacion\" data-belong=\"asuncion\" value=\"la-encarnacion\"> La Encarnaci\u00f3n<\/option><option data-ref=\"laguna-grande\" data-belong=\"\" value=\"laguna-grande\"> Laguna Grande<\/option><option data-ref=\"las-lomas\" data-belong=\"asuncion\" value=\"las-lomas\"> Las Lomas<\/option><option data-ref=\"las-mercedes\" data-belong=\"asuncion\" value=\"las-mercedes\"> Las Mercedes<\/option><option data-ref=\"loma-merlo\" data-belong=\"\" value=\"loma-merlo\"> Loma Merlo<\/option><option data-ref=\"loma-pyta\" data-belong=\"asuncion\" value=\"loma-pyta\"> Loma Pyt\u00e1<\/option><option data-ref=\"los-laureles\" data-belong=\"asuncion\" value=\"los-laureles\"> Los Laureles<\/option><option data-ref=\"luque\" data-belong=\"luque\" value=\"luque\"> Luque<\/option><option data-ref=\"madame-lynch\" data-belong=\"asuncion\" value=\"madame-lynch\"> Madame Lynch<\/option><option data-ref=\"manora\" data-belong=\"asuncion\" value=\"manora\"> Manor\u00e1<\/option><option data-ref=\"mariscal-estigarribia\" data-belong=\"asuncion\" value=\"mariscal-estigarribia\"> Mariscal Estigarribia<\/option><option data-ref=\"mariscal-lopez\" data-belong=\"asuncion\" value=\"mariscal-lopez\"> Mariscal L\u00f3pez<\/option><option data-ref=\"mbocayaty\" data-belong=\"asuncion\" value=\"mbocayaty\"> Mbocayaty<\/option><option data-ref=\"mburicao\" data-belong=\"asuncion\" value=\"mburicao\"> Mburica\u00f3<\/option><option data-ref=\"mburucuya\" data-belong=\"asuncion\" value=\"mburucuya\"> Mburucuy\u00e1<\/option><option data-ref=\"nazareth\" data-belong=\"asuncion\" value=\"nazareth\"> Nazareth<\/option><option data-ref=\"nu-guazu\" data-belong=\"asuncion\" value=\"nu-guazu\"> \u00d1u Guaz\u00fa<\/option><option data-ref=\"pettirossi\" data-belong=\"asuncion\" value=\"pettirossi\"> Pettirossi<\/option><option data-ref=\"pinoza\" data-belong=\"asuncion\" value=\"pinoza\"> Pinoz\u00e1<\/option><option data-ref=\"recoleta\" data-belong=\"asuncion\" value=\"recoleta\"> Recoleta<\/option><option data-ref=\"republicano\" data-belong=\"asuncion\" value=\"republicano\"> Republicano<\/option><option data-ref=\"ricardo-brugada\" data-belong=\"asuncion\" value=\"ricardo-brugada\"> Ricardo Brugada<\/option><option data-ref=\"roberto-pettit\" data-belong=\"asuncion\" value=\"roberto-pettit\"> Roberto L. Pettit<\/option><option data-ref=\"sajonia\" data-belong=\"asuncion\" value=\"sajonia\"> Sajonia<\/option><option data-ref=\"salvador-del-mundo\" data-belong=\"asuncion\" value=\"salvador-del-mundo\"> Salvador del Mundo<\/option><option data-ref=\"san-antonio\" data-belong=\"asuncion\" value=\"san-antonio\"> San Antonio<\/option><option data-ref=\"san-blas\" data-belong=\"asuncion\" value=\"san-blas\"> San Blas<\/option><option data-ref=\"san-cayetano\" data-belong=\"asuncion\" value=\"san-cayetano\"> San Cayetano<\/option><option data-ref=\"san-cristobal\" data-belong=\"asuncion\" value=\"san-cristobal\"> San Crist\u00f3bal<\/option><option data-ref=\"san-jorge\" data-belong=\"asuncion\" value=\"san-jorge\"> San Jorge<\/option><option data-ref=\"san-juan\" data-belong=\"asuncion\" value=\"san-juan\"> San Juan<\/option><option data-ref=\"san-lorenzo\" data-belong=\"asuncion\" value=\"san-lorenzo\"> San Lorenzo<\/option><option data-ref=\"san-pablo\" data-belong=\"asuncion\" value=\"san-pablo\"> San Pablo<\/option><option data-ref=\"san-roque\" data-belong=\"asuncion\" value=\"san-roque\"> San Roque<\/option><option data-ref=\"san-vicente\" data-belong=\"asuncion\" value=\"san-vicente\"> San Vicente<\/option><option data-ref=\"santa-ana\" data-belong=\"asuncion\" value=\"santa-ana\"> Santa Ana<\/option><option data-ref=\"santa-librada\" data-belong=\"asuncion\" value=\"santa-librada\"> Santa Librada<\/option><option data-ref=\"santa-maria\" data-belong=\"asuncion\" value=\"santa-maria\"> Santa Mar\u00eda<\/option><option data-ref=\"santa-rosa\" data-belong=\"asuncion\" value=\"santa-rosa\"> Santa Rosa<\/option><option data-ref=\"santisima-trinidad\" data-belong=\"asuncion\" value=\"santisima-trinidad\"> Sant\u00edsima Trinidad<\/option><option data-ref=\"santo-domingo\" data-belong=\"asuncion\" value=\"santo-domingo\"> Santo Domingo<\/option><option data-ref=\"tablada-nueva\" data-belong=\"asuncion\" value=\"tablada-nueva\"> Tablada Nueva<\/option><option data-ref=\"tacumbu\" data-belong=\"asuncion\" value=\"tacumbu\"> Tacumb\u00fa<\/option><option data-ref=\"tembetary\" data-belong=\"asuncion\" value=\"tembetary\"> Tembetary<\/option><option data-ref=\"terminal\" data-belong=\"asuncion\" value=\"terminal\"> Terminal<\/option><option data-ref=\"villa-aurelia\" data-belong=\"asuncion\" value=\"villa-aurelia\"> Villa Aurelia<\/option><option data-ref=\"villa-morra\" data-belong=\"asuncion\" value=\"villa-morra\"> Villa Morra<\/option><option data-ref=\"virgen-de-fatima\" data-belong=\"asuncion\" value=\"virgen-de-fatima\"> Virgen de F\u00e1tima<\/option><option data-ref=\"virgen-de-la-asuncion\" data-belong=\"asuncion\" value=\"virgen-de-la-asuncion\"> Virgen de la Asunci\u00f3n<\/option><option data-ref=\"virgen-del-huerto\" data-belong=\"asuncion\" value=\"virgen-del-huerto\"> Virgen del Huerto<\/option><option data-ref=\"vista-alegre\" data-belong=\"asuncion\" value=\"vista-alegre\"> Vista Alegre<\/option><option data-ref=\"ycua-sati\" data-belong=\"asuncion\" value=\"ycua-sati\"> Ycu\u00e1 Sat\u00ed<\/option><option data-ref=\"ytay\" data-belong=\"asuncion\" value=\"ytay\"> Ytay<\/option><option data-ref=\"zeballos-cue\" data-belong=\"asuncion\" value=\"zeballos-cue\"> Zeballos Cu\u00e9<\/option>            <\/select>\n        <\/div>\n                            <\/div>\n\n                                        <div class=\"elementor-field-group elementor-column form-group elementor-field-group-3180222 elementor-col-100 elementor-field-required elementor-mark-required\">\n                    <label for=\"form-field-3180222\" class=\"elementor-field-label\">Propiedad<\/label>        <div class=\"elementor-field elementor-select-wrapper\">\n            <select name=\"e_meta[property_type]\" id=\"form-field-3180222\" class=\"elementor-field-textual form-control elementor-size-md\" required=\"required\" title=\"* Propiedad\">\n                <option value=\"\">Tipo<\/option><option value=\"casa\"> Casa<\/option><option value=\"departamento\"> Departamento<\/option><option value=\"duplex\"> Duplex<\/option><option value=\"oficina\"> Oficina<\/option><option value=\"otro\"> Otro<\/option><option value=\"terreno\"> Terreno<\/option>            <\/select>\n        <\/div>\n                            <\/div>\n\n                                        <div class=\"elementor-field-group elementor-column form-group elementor-field-group-c549d17 elementor-col-50\">\n                    <input type=\"number\" name=\"e_meta[price]\" id=\"form-field-c549d17\" class=\"elementor-field form-control elementor-size-md elementor-field-textual\" placeholder=\"Precio min\" title=\"* Precio min\" min=\"0\">                    <\/div>\n\n                                        <div class=\"elementor-field-group elementor-column form-group elementor-field-group-e08cbcb elementor-col-50 elementor-field-required elementor-mark-required\">\n                    <input type=\"number\" name=\"e_meta[area-size]\" id=\"form-field-e08cbcb\" class=\"elementor-field form-control elementor-size-md elementor-field-textual\" placeholder=\"Superficie min (m2)\" title=\"* Superficie min (m2)\" required=\"required\" min=\"0\">                    <\/div>\n\n                                        <div class=\"elementor-field-group elementor-column form-group elementor-field-group-66cc0de elementor-col-50 elementor-field-required elementor-mark-required\">\n                    <input type=\"number\" name=\"e_meta[beds]\" id=\"form-field-66cc0de\" class=\"elementor-field form-control elementor-size-md elementor-field-textual\" placeholder=\"Dormitorios\" title=\"* Dormitorios\" required=\"required\" min=\"0\">                    <\/div>\n\n                                        <div class=\"elementor-field-group elementor-column form-group elementor-field-group-dea086f elementor-col-50 elementor-field-required elementor-mark-required\">\n                    <input type=\"number\" name=\"e_meta[baths]\" id=\"form-field-dea086f\" class=\"elementor-field form-control elementor-size-md elementor-field-textual\" placeholder=\"Ba\u00f1os\" title=\"* Ba\u00f1os\" required=\"required\" min=\"0\">                    <\/div>\n\n                                        <div class=\"elementor-field-group elementor-column form-group elementor-field-group-95c61a9 elementor-col-100\">\n                    <label for=\"form-field-95c61a9\" class=\"elementor-field-label\">Mensaje<\/label><textarea class=\"elementor-field-textual elementor-field elementor-size-md\" name=\"message\" id=\"form-field-95c61a9\" rows=\"4\"><\/textarea>                    <\/div>\n\n                    \n                    \n                    \n                                        <div class=\"\">\n                                            <\/div>\n                    \n                    <div class=\"elementor-field-group elementor-column elementor-field-type-submit elementor-col-100\">\n                    <button type=\"submit\" class=\"houzez-submit-button houzez-contact-form-js elementor-button elementor-size-md\">\n                        <i class=\"btn-loader houzez-loader-js\"><\/i>\n                                                    Enviar                                            <\/button>\n                <\/div>\n            <\/div><!-- End wrapper-->\n            <br\/>\n            <div class=\"ele-form-messages\"><\/div>\n            <div class=\"error-container\"><\/div>\n\n        <\/form>\n\n    \t\t\t\t<\/div>\n\t\t\t\t<\/div>\n\t\t\t\t\t<\/div>\n\t\t<\/div>\n\t\t\t\t\t<\/div>\n\t\t<\/section>\n\t\t\t\t<div class=\"elementor-element elementor-element-eb5dd10 elementor-widget elementor-widget-spacer\" data-id=\"eb5dd10\" data-element_type=\"widget\" data-e-type=\"widget\" data-widget_type=\"spacer.default\">\n\t\t\t\t<div class=\"elementor-widget-container\">\n\t\t\t\t\t\t\t<div class=\"elementor-spacer\">\n\t\t\t<div class=\"elementor-spacer-inner\"><\/div>\n\t\t<\/div>\n\t\t\t\t\t\t<\/div>\n\t\t\t\t<\/div>\n\t\t\t\t\t<\/div>\n\t\t<\/div>\n\t\t\t\t\t<\/div>\n\t\t<\/section>\n\t\t\t\t<\/div>\n\t\t","protected":false},"excerpt":{"rendered":"<p>Formulario de Solicitud de Propiedad Personalizada Le invitamos a completar este formulario para hacernos llegar su solicitud, incluyendo el tipo de propiedad, sector o zona donde desea invertir.\u00a0 Globoplus se encargar\u00e1 de buscar propiedades que se ajusten a sus necesidades. Tipo de solicitud SeleccioneCompra Alquiler Venta Otro Evaluaci\u00f3n Hipoteca Informaci\u00f3n SoyAgente inmobiliarioInversionista Ubicaci\u00f3n Ciudad Aregu\u00e1 [&hellip;]<\/p>\n","protected":false},"author":1,"featured_media":0,"parent":0,"menu_order":0,"comment_status":"closed","ping_status":"closed","template":"template\/template-homepage.php","meta":{"iawp_total_views":0,"footnotes":""},"class_list":["post-17149","page","type-page","status-publish","hentry"],"aioseo_notices":[],"_links":{"self":[{"href":"https:\/\/globoplus.com\/py\/wp-json\/wp\/v2\/pages\/17149","targetHints":{"allow":["GET"]}}],"collection":[{"href":"https:\/\/globoplus.com\/py\/wp-json\/wp\/v2\/pages"}],"about":[{"href":"https:\/\/globoplus.com\/py\/wp-json\/wp\/v2\/types\/page"}],"author":[{"embeddable":true,"href":"https:\/\/globoplus.com\/py\/wp-json\/wp\/v2\/users\/1"}],"replies":[{"embeddable":true,"href":"https:\/\/globoplus.com\/py\/wp-json\/wp\/v2\/comments?post=17149"}],"version-history":[{"count":16,"href":"https:\/\/globoplus.com\/py\/wp-json\/wp\/v2\/pages\/17149\/revisions"}],"predecessor-version":[{"id":18268,"href":"https:\/\/globoplus.com\/py\/wp-json\/wp\/v2\/pages\/17149\/revisions\/18268"}],"wp:attachment":[{"href":"https:\/\/globoplus.com\/py\/wp-json\/wp\/v2\/media?parent=17149"}],"curies":[{"name":"wp","href":"https:\/\/api.w.org\/{rel}","templated":true}]}}